{"id":74,"date":"2025-09-18T21:07:25","date_gmt":"2025-09-18T19:07:25","guid":{"rendered":"https:\/\/brikarmedia.com\/fr\/?page_id=74"},"modified":"2025-09-24T19:25:45","modified_gmt":"2025-09-24T17:25:45","slug":"a-propos","status":"publish","type":"page","link":"https:\/\/brikarmedia.com\/fr\/a-propos\/","title":{"rendered":"\u00c0 propos"},"content":{"rendered":"<p>[et_pb_section fb_built=\u00a0\u00bb1&Prime; _builder_version=\u00a0\u00bb4.27.4&Prime; _module_preset=\u00a0\u00bbdefault\u00a0\u00bb custom_padding=\u00a0\u00bb||2px|||\u00a0\u00bb global_colors_info=\u00a0\u00bb{}\u00a0\u00bb][et_pb_row _builder_version=\u00a0\u00bb4.27.4&Prime; _module_preset=\u00a0\u00bbdefault\u00a0\u00bb global_colors_info=\u00a0\u00bb{}\u00a0\u00bb][et_pb_column type=\u00a0\u00bb4_4&Prime; _builder_version=\u00a0\u00bb4.27.4&Prime; _module_preset=\u00a0\u00bbdefault\u00a0\u00bb global_colors_info=\u00a0\u00bb{}\u00a0\u00bb][et_pb_text _builder_version=\u00a0\u00bb4.27.4&Prime; _module_preset=\u00a0\u00bbdefault\u00a0\u00bb custom_padding=\u00a0\u00bb||||false|false\u00a0\u00bb global_colors_info=\u00a0\u00bb{}\u00a0\u00bb]<\/p>\n<h3 style=\"text-align: center;\">\u00c0 propos de BrikarM\u00e9dia<\/h3>\n<p>[\/et_pb_text][\/et_pb_column][\/et_pb_row][et_pb_row column_structure=\u00a0\u00bb2_3,1_3&Prime; _builder_version=\u00a0\u00bb4.27.4&Prime; _module_preset=\u00a0\u00bbdefault\u00a0\u00bb global_colors_info=\u00a0\u00bb{}\u00a0\u00bb][et_pb_column type=\u00a0\u00bb2_3&Prime; _builder_version=\u00a0\u00bb4.27.4&Prime; _module_preset=\u00a0\u00bbdefault\u00a0\u00bb global_colors_info=\u00a0\u00bb{}\u00a0\u00bb][et_pb_text _builder_version=\u00a0\u00bb4.27.4&Prime; _module_preset=\u00a0\u00bbdefault\u00a0\u00bb custom_margin=\u00a0\u00bb||-104px||false|false\u00a0\u00bb global_colors_info=\u00a0\u00bb{}\u00a0\u00bb]<\/p>\n<h4>Une cr\u00e9ativit\u00e9 qui se d\u00e9cline en trois volets<\/h4>\n<p>Depuis 2005, BrikarM\u00e9dia incarne une passion pour le design web, l&rsquo;illustration et la communication visuelle. Mais notre univers ne s&rsquo;arr\u00eate pas l\u00e0&#8230;<\/p>\n<p>Nous avons d\u00e9velopp\u00e9 <strong>deux autres divisions<\/strong> qui prolongent notre savoir-faire dns le monde des produits personnalis\u00e9s :<\/p>\n<ul>\n<li><strong>Brikar.net<\/strong> \u2014 Une boutique de cr\u00e9ations originales et personnalis\u00e9es, con\u00e7ues pour faire sourire, surprendre et marquer les esprits. Chaque produit est pens\u00e9 avec soin, illustr\u00e9 avec coeur, et fabriqu\u00e9 pour refl\u00e9ter votre personnalit\u00e9.<\/li>\n<li><strong>BrikarDesign \u2014 <\/strong>L&rsquo;atelier o\u00f9 le design prend vie. Ici, nous imaginons et produisons des articles sur mesure \u2014 sous-verres th\u00e9matiques, plaqes d\u00e9coratives, cadeaux uniques \u2014 avec une touche ludique et un souci du d\u00e9tail qui font notre signature.<\/li>\n<\/ul>\n<p>Ces divisions refl\u00e8tent notre engagement \u00e0 offrir des produits qui racontent une histoire&#8230; la v\u00f4tre.<\/p>\n<p>&nbsp;<\/p>\n<p>[\/et_pb_text][\/et_pb_column][et_pb_column type=\u00a0\u00bb1_3&Prime; _builder_version=\u00a0\u00bb4.27.4&Prime; _module_preset=\u00a0\u00bbdefault\u00a0\u00bb global_colors_info=\u00a0\u00bb{}\u00a0\u00bb][et_pb_image src=\u00a0\u00bbhttps:\/\/brikarmedia.com\/fr\/wp-content\/uploads\/2025\/09\/logo-brikar.net-idees-cadeaux.png\u00a0\u00bb url=\u00a0\u00bbhttps:\/\/brikar.net\u00a0\u00bb _builder_version=\u00a0\u00bb4.27.4&Prime; _module_preset=\u00a0\u00bbdefault\u00a0\u00bb width=\u00a0\u00bb75%\u00a0\u00bb global_colors_info=\u00a0\u00bb{}\u00a0\u00bb][\/et_pb_image][et_pb_image src=\u00a0\u00bbhttps:\/\/brikarmedia.com\/fr\/wp-content\/uploads\/2025\/09\/brikardesign-droit.png\u00a0\u00bb url=\u00a0\u00bbhttps:\/\/brikardesign.com\u00a0\u00bb _builder_version=\u00a0\u00bb4.27.4&Prime; _module_preset=\u00a0\u00bbdefault\u00a0\u00bb width=\u00a0\u00bb82%\u00a0\u00bb global_colors_info=\u00a0\u00bb{}\u00a0\u00bb][\/et_pb_image][\/et_pb_column][\/et_pb_row][et_pb_row column_structure=\u00a0\u00bb2_3,1_3&Prime; _builder_version=\u00a0\u00bb4.27.4&Prime; _module_preset=\u00a0\u00bbdefault\u00a0\u00bb custom_margin=\u00a0\u00bb|auto|-44px|auto||\u00a0\u00bb global_colors_info=\u00a0\u00bb{}\u00a0\u00bb][et_pb_column type=\u00a0\u00bb2_3&Prime; _builder_version=\u00a0\u00bb4.27.4&Prime; _module_preset=\u00a0\u00bbdefault\u00a0\u00bb global_colors_info=\u00a0\u00bb{}\u00a0\u00bb][et_pb_text _builder_version=\u00a0\u00bb4.27.4&Prime; _module_preset=\u00a0\u00bbdefault\u00a0\u00bb width=\u00a0\u00bb100%\u00a0\u00bb global_colors_info=\u00a0\u00bb{}\u00a0\u00bb]<\/p>\n<p>&nbsp;<\/p>\n<ul>\n<li>Brikarm\u00e9dia est \u00e0 la fine pointe de la technologie,<\/li>\n<li>Vous assure une visibilit\u00e9 \u00e0 son meilleur,<\/li>\n<li>Ayant une<strong> efficacit\u00e9 de 100%,<\/strong><\/li>\n<li>Tous les outils dans votre Cpanel \u00e0 votre disposition,<\/li>\n<li>Un serveur dans le nuage \u00ab Cloud \u00bb qui assure rapidit\u00e9 et s\u00e9curit\u00e9,<\/li>\n<li>Plusieurs r\u00e9alisations de site personnel, commercial et corporatif.<\/li>\n<\/ul>\n<p>&nbsp;<\/p>\n<p>&nbsp;<\/p>\n<p>[\/et_pb_text][\/et_pb_column][et_pb_column type=\u00a0\u00bb1_3&Prime; _builder_version=\u00a0\u00bb4.27.4&Prime; _module_preset=\u00a0\u00bbdefault\u00a0\u00bb global_colors_info=\u00a0\u00bb{}\u00a0\u00bb][et_pb_image src=\u00a0\u00bbhttps:\/\/brikarmedia.com\/fr\/wp-content\/uploads\/2025\/09\/serveurweb.jpg\u00a0\u00bb alt=\u00a0\u00bbserveurweb\u00a0\u00bb _builder_version=\u00a0\u00bb4.27.4&Prime; _module_preset=\u00a0\u00bbdefault\u00a0\u00bb global_colors_info=\u00a0\u00bb{}\u00a0\u00bb][\/et_pb_image][\/et_pb_column][\/et_pb_row][et_pb_row _builder_version=\u00a0\u00bb4.27.4&Prime; _module_preset=\u00a0\u00bbdefault\u00a0\u00bb min_height=\u00a0\u00bb105px\u00a0\u00bb global_colors_info=\u00a0\u00bb{}\u00a0\u00bb][et_pb_column type=\u00a0\u00bb4_4&Prime; _builder_version=\u00a0\u00bb4.27.4&Prime; _module_preset=\u00a0\u00bbdefault\u00a0\u00bb global_colors_info=\u00a0\u00bb{}\u00a0\u00bb][et_pb_text _builder_version=\u00a0\u00bb4.27.4&Prime; _module_preset=\u00a0\u00bbdefault\u00a0\u00bb global_colors_info=\u00a0\u00bb{}\u00a0\u00bb]<\/p>\n<p><strong>UN MONDE DE SERVICES<\/strong><\/p>\n<p>Les clients h\u00e9berg\u00e9s chez BrikarM\u00e9dia peuvent compter sur notre appui en tout temps dans un d\u00e9lai rapide.<\/p>\n<p>Encouragez les entreprises du Qu\u00e9bec.<\/p>\n<p>[\/et_pb_text][et_pb_text _builder_version=\u00a0\u00bb4.27.4&Prime; _module_preset=\u00a0\u00bbdefault\u00a0\u00bb background_color=\u00a0\u00bb#D6D6D6&Prime; custom_margin=\u00a0\u00bb|||2px|false|false\u00a0\u00bb global_colors_info=\u00a0\u00bb{%22gcid-primary-color%22:%91%22link_text_color%22,%22link_text_color%22,%22link_text_color%22%93,%22gcid-heading-color%22:%91%22header_text_color%22,%22header_4_text_color%22,%22header_3_text_color%22,%22header_2_text_color%22,%22header_5_text_color%22,%22header_6_text_color%22,%22quote_text_color%22,%22header_text_color%22,%22header_4_text_color%22,%22header_3_text_color%22,%22header_2_text_color%22,%22header_5_text_color%22,%22header_6_text_color%22,%22quote_text_color%22,%22header_text_color%22,%22header_4_text_color%22,%22header_3_text_color%22,%22header_2_text_color%22,%22header_5_text_color%22,%22header_6_text_color%22,%22quote_text_color%22%93,%22gcid-body-color%22:%91%22text_text_color%22,%22text_text_color%22,%22text_text_color%22%93,%22gcid-secondary-color%22:%91%22quote_border_color%22,%22quote_border_color%22%93}\u00a0\u00bb]<\/p>\n<p style=\"padding-left: 40px;\"><em><strong>Internet vous ouvre sur le monde.<\/strong> Nous vous offrons l&rsquo;outil \u00e0 prix populaire pour vos besoins en h\u00e9bergement.<\/em><\/p>\n<p style=\"padding-left: 40px;\"><em> BrikarM\u00e9dia vous ouvre la fen\u00eatre \u00e0 peu de frais, dans le monde virtuel qu&rsquo;est Internet.<\/em><\/p>\n<p>[\/et_pb_text][et_pb_text _builder_version=\u00a0\u00bb4.27.4&Prime; _module_preset=\u00a0\u00bbdefault\u00a0\u00bb background_color=\u00a0\u00bb#D6D6D6&Prime; custom_margin=\u00a0\u00bb|||2px|false|false\u00a0\u00bb global_colors_info=\u00a0\u00bb{%22gcid-primary-color%22:%91%22link_text_color%22,%22link_text_color%22,%22link_text_color%22%93,%22gcid-heading-color%22:%91%22header_text_color%22,%22header_4_text_color%22,%22header_3_text_color%22,%22header_2_text_color%22,%22header_5_text_color%22,%22header_6_text_color%22,%22quote_text_color%22,%22header_text_color%22,%22header_4_text_color%22,%22header_3_text_color%22,%22header_2_text_color%22,%22header_5_text_color%22,%22header_6_text_color%22,%22quote_text_color%22,%22header_text_color%22,%22header_4_text_color%22,%22header_3_text_color%22,%22header_2_text_color%22,%22header_5_text_color%22,%22header_6_text_color%22,%22quote_text_color%22%93,%22gcid-body-color%22:%91%22text_text_color%22,%22text_text_color%22,%22text_text_color%22%93,%22gcid-secondary-color%22:%91%22quote_border_color%22,%22quote_border_color%22%93}\u00a0\u00bb]<\/p>\n<p style=\"padding-left: 40px;\"><em><strong>Un site \u00e0 votre image n&rsquo;a pas de prix<\/strong> et notre \u00e9quipe est l\u00e0 pour vous guider dans vos r\u00eaves et r\u00e9alisations.<\/em><\/p>\n<p style=\"padding-left: 40px;\"><em>Vivez cette exp\u00e9rience avec nous et vous serez en mesure d&rsquo;en appr\u00e9cier son professionnalisme.<\/em><\/p>\n<p>[\/et_pb_text][\/et_pb_column][\/et_pb_row][et_pb_row _builder_version=\u00a0\u00bb4.27.4&Prime; _module_preset=\u00a0\u00bbdefault\u00a0\u00bb global_colors_info=\u00a0\u00bb{}\u00a0\u00bb][et_pb_column type=\u00a0\u00bb4_4&Prime; _builder_version=\u00a0\u00bb4.27.4&Prime; _module_preset=\u00a0\u00bbdefault\u00a0\u00bb global_colors_info=\u00a0\u00bb{}\u00a0\u00bb][et_pb_text _builder_version=\u00a0\u00bb4.27.4&Prime; _module_preset=\u00a0\u00bbdefault\u00a0\u00bb global_colors_info=\u00a0\u00bb{}\u00a0\u00bb]<em><strong>Margaret Boisaubert<\/strong><\/em><br \/>\nGestionnaire Web[\/et_pb_text][\/et_pb_column][\/et_pb_row][\/et_pb_section]<\/p>\n","protected":false},"excerpt":{"rendered":"<p>\u00c0 propos de BrikarM\u00e9diaUne cr\u00e9ativit\u00e9 qui se d\u00e9cline en trois volets Depuis 2005, BrikarM\u00e9dia incarne une passion pour le design web, l&rsquo;illustration et la communication visuelle. Mais notre univers ne s&rsquo;arr\u00eate pas l\u00e0&#8230; Nous avons d\u00e9velopp\u00e9 deux autres divisions qui prolongent notre savoir-faire dns le monde des produits personnalis\u00e9s : Brikar.net \u2014 Une boutique de cr\u00e9ations originales et personnalis\u00e9es, con\u00e7ues pour faire sourire, surprendre et marquer les esprits. Chaque produit est pens\u00e9 avec soin, illustr\u00e9 avec coeur, et fabriqu\u00e9 pour refl\u00e9ter votre personnalit\u00e9. BrikarDesign \u2014 L&rsquo;atelier o\u00f9 le design prend vie. Ici, nous imaginons et produisons des articles sur mesure \u2014 sous-verres th\u00e9matiques, plaqes d\u00e9coratives, cadeaux uniques \u2014 avec une touche ludique et un souci du d\u00e9tail qui font notre signature. Ces divisions refl\u00e8tent notre engagement \u00e0 offrir des produits qui racontent une histoire&#8230; la v\u00f4tre. &nbsp;&nbsp; Brikarm\u00e9dia est \u00e0 la fine pointe de la technologie, Vous assure une visibilit\u00e9 \u00e0 son meilleur, Ayant une efficacit\u00e9 de 100%, Tous les outils dans votre Cpanel \u00e0 votre disposition, Un serveur dans le nuage \u00ab Cloud \u00bb qui assure rapidit\u00e9 et s\u00e9curit\u00e9, Plusieurs r\u00e9alisations de site personnel, commercial et corporatif. &nbsp; &nbsp;UN MONDE DE SERVICES Les clients h\u00e9berg\u00e9s chez BrikarM\u00e9dia peuvent compter [&hellip;]<\/p>\n","protected":false},"author":1,"featured_media":0,"parent":0,"menu_order":0,"comment_status":"closed","ping_status":"closed","template":"","meta":{"_et_pb_use_builder":"on","_et_pb_old_content":"","_et_gb_content_width":"","footnotes":""},"class_list":["post-74","page","type-page","status-publish","hentry"],"_links":{"self":[{"href":"https:\/\/brikarmedia.com\/fr\/wp-json\/wp\/v2\/pages\/74","targetHints":{"allow":["GET"]}}],"collection":[{"href":"https:\/\/brikarmedia.com\/fr\/wp-json\/wp\/v2\/pages"}],"about":[{"href":"https:\/\/brikarmedia.com\/fr\/wp-json\/wp\/v2\/types\/page"}],"author":[{"embeddable":true,"href":"https:\/\/brikarmedia.com\/fr\/wp-json\/wp\/v2\/users\/1"}],"replies":[{"embeddable":true,"href":"https:\/\/brikarmedia.com\/fr\/wp-json\/wp\/v2\/comments?post=74"}],"version-history":[{"count":9,"href":"https:\/\/brikarmedia.com\/fr\/wp-json\/wp\/v2\/pages\/74\/revisions"}],"predecessor-version":[{"id":676,"href":"https:\/\/brikarmedia.com\/fr\/wp-json\/wp\/v2\/pages\/74\/revisions\/676"}],"wp:attachment":[{"href":"https:\/\/brikarmedia.com\/fr\/wp-json\/wp\/v2\/media?parent=74"}],"curies":[{"name":"wp","href":"https:\/\/api.w.org\/{rel}","templated":true}]}}